{"id":978,"date":"2023-09-22T17:23:44","date_gmt":"2023-09-22T15:23:44","guid":{"rendered":"https:\/\/betarq.com\/estudi\/"},"modified":"2026-04-08T13:19:03","modified_gmt":"2026-04-08T11:19:03","slug":"study","status":"publish","type":"page","link":"https:\/\/betarq.com\/en\/study\/","title":{"rendered":"Studio"},"content":{"rendered":"<div class=\"wpb-content-wrapper\"><p>[vc_row el_class=&#8221;headerimagen&#8221; css=&#8221;.vc_custom_1775647036938{background-image: url(https:\/\/betarq.com\/wp-content\/uploads\/2026\/04\/Image-73-nueva.png?id=5322) !important;background-position: center !important;background-repeat: no-repeat !important;background-size: cover !important;border-radius: 3px !important;}&#8221;][vc_column][\/vc_column][\/vc_row][vc_row][vc_column][vc_column_text css=&#8221;.vc_custom_1702225035441{margin-bottom: 15px !important;}&#8221;]<strong>Philosophy<\/strong>[\/vc_column_text][vc_row_inner][vc_column_inner width=&#8221;1\/2&#8243;][vc_column_text css=&#8221;&#8221;]<\/p>\n<p data-start=\"237\" data-end=\"545\"><strong data-start=\"237\" data-end=\"253\">Betarq Group<\/strong> is an architectural and technical architecture practice based in Barcelona, founded in 2005 by Julio L\u00f3pez Fern\u00e1ndez, Ramon Cisa Segal\u00e9s and Sergi Barquet Pons. The firm specializes in architectural design, construction management, execution management and integrated project management within the building sector.<\/p>\n<p data-start=\"547\" data-end=\"1001\">The studio has solid experience in landmark buildings, both public and private, across a wide range of uses. Each project is approached without compromise, with the conviction that in the practice of designing and managing architecture there is no greater specialization than passion and professionalism. Betarq Group is firmly committed to sustainability, innovation, rehabilitation, continuous learning and the incorporation of new technological tools.<\/p>\n<p data-start=\"1003\" data-end=\"1394\">Betarq is, above all, a committed and professional team that approaches architecture with rigor and enthusiasm. The firm strongly believes in gender equality and generational diversity as essential values for continued growth and for contributing meaningful value to the sector. The team has received several awards and recognitions, which further reinforce its motivation and future vision.<\/p>\n<p>[\/vc_column_text][\/vc_column_inner][vc_column_inner width=&#8221;1\/2&#8243;][vc_column_text css=&#8221;&#8221;]<\/p>\n<p data-start=\"1439\" data-end=\"1813\">Betarq has been involved in a number of high-profile projects and construction management commissions, including the Spotify Camp Nou, the renovation of the Hotel Juan Carlos I, the Biblioteca P\u00fablica del Estado en Barcelona, the Hospital Sant Joan de D\u00e9u de Sant Boi, the Centre de Medicina Comparada a Can Ruti, and the LCI Barcelona design school.<\/p>\n<p data-start=\"1815\" data-end=\"2222\">The firm has also worked on landmark buildings such as the first multi-family residential building in Spain constructed with a light timber frame system, as well as the first office building made entirely of wood. Betarq has extensive experience in large-scale residential developments promoted by Culmia, AQ Acentor, Altamira and Criteria, as well as for public entities such as Impsol.<\/p>\n<p data-start=\"2224\" data-end=\"2916\">Its portfolio also includes projects of other uses, such as the Tanatori de Sants, the rehabilitation and extension of the Castell de Cap Roig, and cultural facilities like La Lira de Sant Andreu and the Centre Sociocultural d\u2019Alella. The firm has also been involved in office buildings such as the Campus Roche Diagn\u00f2stics, the Wittywood building, and the industrial warehouse and offices for Riera Nadeu; heritage rehabilitation projects such as the renovation of Casa Alesan in Barcelona; sports facilities like the Club Nataci\u00f3 Sabadell; and several hotels, including Hotel Diagonal, The Wittmore and the aforementioned Hotel Juan Carlos I.<\/p>\n<p data-start=\"2918\" data-end=\"3192\">In the public sector, notable projects include La F\u00e0brica del Sol \u2014a benchmark in sustainability\u2014, the business incubator at the Estadi Ol\u00edmpic, several pavilions at the Zoo de Barcelona, municipal car parks, and the renovation project of l\u2019Estaci\u00f3 del Nord.<\/p>\n<p>[\/vc_column_text][\/vc_column_inner][\/vc_row_inner][\/vc_column][\/vc_row][vc_row][vc_column][vc_column_text css=&#8221;.vc_custom_1702225123029{margin-bottom: 15px !important;}&#8221;]<strong>Founding partners<\/strong>[\/vc_column_text][vc_row_inner][vc_column_inner width=&#8221;1\/3&#8243;][vc_single_image image=&#8221;1540&#8243; img_size=&#8221;full&#8221; alignment=&#8221;center&#8221; css=&#8221;.vc_custom_1700475019329{margin-bottom: 5px !important;}&#8221;][vc_column_text css=&#8221;&#8221;]Julio L\u00f3pez Fern\u00e1ndez[\/vc_column_text][\/vc_column_inner][vc_column_inner width=&#8221;1\/3&#8243;][vc_single_image image=&#8221;1467&#8243; img_size=&#8221;full&#8221; alignment=&#8221;center&#8221; css=&#8221;.vc_custom_1700470132672{margin-bottom: 5px !important;}&#8221;][vc_column_text css=&#8221;&#8221;]Ramon Cisa Segal\u00e9s[\/vc_column_text][\/vc_column_inner][vc_column_inner width=&#8221;1\/3&#8243;][vc_single_image image=&#8221;1473&#8243; img_size=&#8221;full&#8221; alignment=&#8221;center&#8221; css=&#8221;.vc_custom_1700470170920{margin-bottom: 5px !important;}&#8221;][vc_column_text css=&#8221;&#8221;]Sergi Barquet Pons[\/vc_column_text][\/vc_column_inner][\/vc_row_inner][\/vc_column][\/vc_row][vc_row][vc_column][vc_column_text css=&#8221;.vc_custom_1702230632014{margin-bottom: 15px !important;}&#8221;]<strong>Team<\/strong>[\/vc_column_text][vc_row_inner][vc_column_inner width=&#8221;1\/4&#8243;][vc_single_image image=&#8221;4756&#8243; img_size=&#8221;full&#8221; alignment=&#8221;center&#8221; css=&#8221;.vc_custom_1767783178046{margin-bottom: 5px !important;}&#8221;][vc_column_text css=&#8221;&#8221;]Joan Sirvent de Febrer[\/vc_column_text][\/vc_column_inner][vc_column_inner width=&#8221;1\/4&#8243;][vc_single_image image=&#8221;1497&#8243; img_size=&#8221;full&#8221; alignment=&#8221;center&#8221; css=&#8221;.vc_custom_1700471491529{margin-bottom: 5px !important;}&#8221; el_class=&#8221;equip&#8221;][vc_column_text css=&#8221;&#8221;]Armand Piqueras Pons[\/vc_column_text][\/vc_column_inner][vc_column_inner width=&#8221;1\/4&#8243;][vc_single_image image=&#8221;4702&#8243; img_size=&#8221;full&#8221; alignment=&#8221;center&#8221; css=&#8221;.vc_custom_1767012701076{margin-bottom: 5px !important;}&#8221;][vc_column_text css=&#8221;&#8221;]Victor Susagna Holgado[\/vc_column_text][\/vc_column_inner][vc_column_inner width=&#8221;1\/4&#8243;][vc_single_image image=&#8221;4759&#8243; img_size=&#8221;full&#8221; alignment=&#8221;center&#8221; css=&#8221;.vc_custom_1767783190161{margin-bottom: 5px !important;}&#8221;][vc_column_text css=&#8221;&#8221;]Ada Valls Solomando[\/vc_column_text][\/vc_column_inner][\/vc_row_inner][vc_row_inner][vc_column_inner width=&#8221;1\/4&#8243;][vc_single_image image=&#8221;4781&#8243; img_size=&#8221;full&#8221; alignment=&#8221;center&#8221; css=&#8221;.vc_custom_1768577657408{margin-bottom: 5px !important;}&#8221;][vc_column_text css=&#8221;&#8221;]Oscar Prieto L\u00f3pez[\/vc_column_text][\/vc_column_inner][vc_column_inner width=&#8221;1\/4&#8243;][vc_single_image image=&#8221;1491&#8243; img_size=&#8221;full&#8221; alignment=&#8221;center&#8221; css=&#8221;.vc_custom_1700471501072{margin-bottom: 5px !important;}&#8221; el_class=&#8221;equip&#8221;][vc_column_text css=&#8221;&#8221;]Albert Serra Sanchez[\/vc_column_text][\/vc_column_inner][vc_column_inner width=&#8221;1\/4&#8243;][vc_single_image image=&#8221;4744&#8243; img_size=&#8221;full&#8221; alignment=&#8221;center&#8221; css=&#8221;.vc_custom_1767783212125{margin-bottom: 5px !important;}&#8221;][vc_column_text css=&#8221;&#8221;]Joan Vacas Gil[\/vc_column_text][\/vc_column_inner][vc_column_inner width=&#8221;1\/4&#8243;][vc_single_image image=&#8221;5129&#8243; img_size=&#8221;full&#8221; alignment=&#8221;center&#8221; css=&#8221;.vc_custom_1772712623381{margin-bottom: 5px !important;}&#8221;][vc_column_text css=&#8221;&#8221;]Sergi Artigas Blasco[\/vc_column_text][\/vc_column_inner][\/vc_row_inner][vc_row_inner][vc_column_inner width=&#8221;1\/4&#8243;][vc_single_image image=&#8221;4708&#8243; img_size=&#8221;full&#8221; alignment=&#8221;center&#8221; css=&#8221;.vc_custom_1767785154412{margin-bottom: 5px !important;}&#8221;][vc_column_text css=&#8221;&#8221;]Biel Bosch Pastor[\/vc_column_text][\/vc_column_inner][vc_column_inner width=&#8221;1\/4&#8243;][vc_single_image image=&#8221;1464&#8243; img_size=&#8221;full&#8221; alignment=&#8221;center&#8221; css=&#8221;.vc_custom_1700471233725{margin-bottom: 5px !important;}&#8221;][vc_column_text css=&#8221;&#8221;]Laura Esteban Solaz[\/vc_column_text][\/vc_column_inner][vc_column_inner width=&#8221;1\/4&#8243;][vc_single_image image=&#8221;4711&#8243; img_size=&#8221;full&#8221; alignment=&#8221;center&#8221; css=&#8221;.vc_custom_1767785139427{margin-bottom: 5px !important;}&#8221;][vc_column_text css=&#8221;&#8221;]David Sauret Santana[\/vc_column_text][\/vc_column_inner][vc_column_inner width=&#8221;1\/4&#8243;][vc_single_image image=&#8221;4741&#8243; img_size=&#8221;full&#8221; alignment=&#8221;center&#8221; css=&#8221;.vc_custom_1767783234783{margin-bottom: 5px !important;}&#8221;][vc_column_text css=&#8221;&#8221;]Jiahui Wang[\/vc_column_text][\/vc_column_inner][\/vc_row_inner][vc_row_inner][vc_column_inner width=&#8221;1\/4&#8243;][vc_single_image image=&#8221;4747&#8243; img_size=&#8221;full&#8221; alignment=&#8221;center&#8221; css=&#8221;.vc_custom_1767783245256{margin-bottom: 5px !important;}&#8221;][vc_column_text css=&#8221;&#8221;]Sergi Beneyto Galimany[\/vc_column_text][\/vc_column_inner][vc_column_inner width=&#8221;1\/4&#8243;][vc_single_image image=&#8221;4693&#8243; img_size=&#8221;full&#8221; alignment=&#8221;center&#8221; css=&#8221;.vc_custom_1767012907940{margin-bottom: 5px !important;}&#8221;][vc_column_text css=&#8221;&#8221;]Maria Perati Sole[\/vc_column_text][\/vc_column_inner][vc_column_inner width=&#8221;1\/4&#8243;][vc_single_image image=&#8221;5177&#8243; img_size=&#8221;full&#8221; alignment=&#8221;center&#8221; css=&#8221;.vc_custom_1773232986892{margin-bottom: 5px !important;}&#8221;][vc_column_text css=&#8221;&#8221;]Xavier Pons Orriols[\/vc_column_text][\/vc_column_inner][vc_column_inner width=&#8221;1\/4&#8243;][vc_single_image image=&#8221;4753&#8243; img_size=&#8221;full&#8221; alignment=&#8221;center&#8221; css=&#8221;.vc_custom_1767783280829{margin-bottom: 5px !important;}&#8221;][vc_column_text css=&#8221;&#8221;]Iv\u00e1n Romero Zafra[\/vc_column_text][\/vc_column_inner][\/vc_row_inner][vc_row_inner][vc_column_inner width=&#8221;1\/4&#8243;][vc_single_image image=&#8221;4705&#8243; img_size=&#8221;full&#8221; alignment=&#8221;center&#8221; css=&#8221;.vc_custom_1767012882962{margin-bottom: 5px !important;}&#8221;][vc_column_text css=&#8221;&#8221;]J\u00falia Galindo Figuerola[\/vc_column_text][\/vc_column_inner][vc_column_inner width=&#8221;1\/4&#8243;][vc_single_image image=&#8221;4954&#8243; img_size=&#8221;full&#8221; alignment=&#8221;center&#8221; css=&#8221;.vc_custom_1771321876373{margin-bottom: 5px !important;}&#8221;][vc_column_text css=&#8221;&#8221;]\u00c0lex Murciano Blanco[\/vc_column_text][\/vc_column_inner][vc_column_inner width=&#8221;1\/4&#8243;][vc_single_image image=&#8221;1470&#8243; img_size=&#8221;full&#8221; alignment=&#8221;center&#8221; css=&#8221;.vc_custom_1700471266166{margin-bottom: 5px !important;}&#8221;][vc_column_text css=&#8221;&#8221;]Roser Vilar Bonet[\/vc_column_text][\/vc_column_inner][vc_column_inner width=&#8221;1\/4&#8243;][vc_single_image image=&#8221;4951&#8243; img_size=&#8221;full&#8221; alignment=&#8221;center&#8221; css=&#8221;.vc_custom_1771321904141{margin-bottom: 5px !important;}&#8221;][vc_column_text css=&#8221;&#8221;]Sofia Ram\u00e9s Oliva[\/vc_column_text][\/vc_column_inner][\/vc_row_inner][\/vc_column][\/vc_row][vc_row][vc_column][vc_empty_space height=&#8221;45px&#8221;][\/vc_column][\/vc_row][vc_row][vc_column][vc_column_text css=&#8221;.vc_custom_1702235570307{margin-bottom: 25px !important;}&#8221;]<strong>CONTACT<\/strong>[\/vc_column_text][vc_row_inner][vc_column_inner][vc_single_image image=&#8221;544&#8243; img_size=&#8221;full&#8221; css=&#8221;.vc_custom_1698304774836{margin-bottom: 0px !important;}&#8221;][vc_column_text css=&#8221;.vc_custom_1698305077178{margin-bottom: 25px !important;}&#8221;]Betarq Group<br \/>\nC\/ Proven\u00e7a, 293, 2a Pl<br \/>\n08037 Barcelona<br \/>\nTel: <a href=\"tel:930160116\">930 160 116<\/a><br \/>\n<a href=\"mailto:info@betarq.com\">info@betarq.com<\/a>[\/vc_column_text][vc_single_image image=&#8221;616&#8243; img_size=&#8221;full&#8221; onclick=&#8221;custom_link&#8221; img_link_target=&#8221;_blank&#8221; css=&#8221;.vc_custom_1698305087218{margin-bottom: 25px !important;}&#8221; image_hovers=&#8221;false&#8221; link=&#8221;https:\/\/gbce.es\/&#8221; el_class=&#8221;maspequelogo&#8221;][vc_single_image image=&#8221;614&#8243; img_size=&#8221;full&#8221; onclick=&#8221;custom_link&#8221; img_link_target=&#8221;_blank&#8221; css=&#8221;.vc_custom_1698305095514{margin-bottom: 25px !important;}&#8221; image_hovers=&#8221;false&#8221; link=&#8221;https:\/\/cambraprofessional.org\/&#8221; el_class=&#8221;maspequelogo&#8221;][\/vc_column_inner][\/vc_row_inner][\/vc_column][\/vc_row]<\/p>\n<\/div>","protected":false},"excerpt":{"rendered":"<p>[vc_row el_class=&#8221;headerimagen&#8221; css=&#8221;.vc_custom_1775647036938{background-image: url(https:\/\/betarq.com\/wp-content\/uploads\/2026\/04\/Image-73-nueva.png?id=5322) !important;background-position: center !important;background-repeat: no-repeat !important;background-size: cover !important;border-radius: 3px !important;}&#8221;][vc_column][\/vc_column][\/vc_row][vc_row][vc_column][vc_column_text css=&#8221;.vc_custom_1702225035441{margin-bottom: 15px !important;}&#8221;]Philosophy[\/vc_column_text][vc_row_inner][vc_column_inner width=&#8221;1\/2&#8243;][vc_column_text css=&#8221;&#8221;] Betarq Group is an architectural and technical architecture practice based in Barcelona, founded in 2005 by Julio L\u00f3pez Fern\u00e1ndez, Ramon Cisa Segal\u00e9s and Sergi Barquet Pons. The firm specializes in architectural design, construction management, execution management and&hellip;<\/p>\n","protected":false},"author":1,"featured_media":4670,"parent":0,"menu_order":0,"comment_status":"closed","ping_status":"closed","template":"","meta":{"_acf_changed":false,"inline_featured_image":false,"_monsterinsights_skip_tracking":false,"_monsterinsights_sitenote_active":false,"_monsterinsights_sitenote_note":"","_monsterinsights_sitenote_category":0,"footnotes":""},"class_list":["post-978","page","type-page","status-publish","has-post-thumbnail","hentry","description-off"],"acf":[],"yoast_head":"<!-- This site is optimized with the Yoast SEO plugin v27.5 - https:\/\/yoast.com\/product\/yoast-seo-wordpress\/ -->\n<title>Studio - Betarq<\/title>\n<meta name=\"robots\" content=\"index, follow, max-snippet:-1, max-image-preview:large, max-video-preview:-1\" \/>\n<link rel=\"canonical\" href=\"https:\/\/betarq.com\/en\/study\/\" \/>\n<meta property=\"og:locale\" content=\"en_US\" \/>\n<meta property=\"og:type\" content=\"article\" \/>\n<meta property=\"og:title\" content=\"Studio - Betarq\" \/>\n<meta property=\"og:description\" content=\"[vc_row el_class=&#8221;headerimagen&#8221; css=&#8221;.vc_custom_1775647036938{background-image: url(https:\/\/betarq.com\/wp-content\/uploads\/2026\/04\/Image-73-nueva.png?id=5322) !important;background-position: center !important;background-repeat: no-repeat !important;background-size: cover !important;border-radius: 3px !important;}&#8221;][vc_column][\/vc_column][\/vc_row][vc_row][vc_column][vc_column_text css=&#8221;.vc_custom_1702225035441{margin-bottom: 15px !important;}&#8221;]Philosophy[\/vc_column_text][vc_row_inner][vc_column_inner width=&#8221;1\/2&#8243;][vc_column_text css=&#8221;&#8221;] Betarq Group is an architectural and technical architecture practice based in Barcelona, founded in 2005 by Julio L\u00f3pez Fern\u00e1ndez, Ramon Cisa Segal\u00e9s and Sergi Barquet Pons. The firm specializes in architectural design, construction management, execution management and&hellip;\" \/>\n<meta property=\"og:url\" content=\"https:\/\/betarq.com\/en\/study\/\" \/>\n<meta property=\"og:site_name\" content=\"Betarq\" \/>\n<meta property=\"article:modified_time\" content=\"2026-04-08T11:19:03+00:00\" \/>\n<meta property=\"og:image\" content=\"https:\/\/betarq.com\/wp-content\/uploads\/2025\/10\/Foto-grup_2.jpg\" \/>\n\t<meta property=\"og:image:width\" content=\"1152\" \/>\n\t<meta property=\"og:image:height\" content=\"604\" \/>\n\t<meta property=\"og:image:type\" content=\"image\/jpeg\" \/>\n<meta name=\"twitter:card\" content=\"summary_large_image\" \/>\n<meta name=\"twitter:label1\" content=\"Est. reading time\" \/>\n\t<meta name=\"twitter:data1\" content=\"9 minutes\" \/>\n<script type=\"application\/ld+json\" class=\"yoast-schema-graph\">{\"@context\":\"https:\\\/\\\/schema.org\",\"@graph\":[{\"@type\":\"WebPage\",\"@id\":\"https:\\\/\\\/betarq.com\\\/en\\\/study\\\/\",\"url\":\"https:\\\/\\\/betarq.com\\\/en\\\/study\\\/\",\"name\":\"Studio - Betarq\",\"isPartOf\":{\"@id\":\"https:\\\/\\\/betarq.com\\\/en\\\/#website\"},\"primaryImageOfPage\":{\"@id\":\"https:\\\/\\\/betarq.com\\\/en\\\/study\\\/#primaryimage\"},\"image\":{\"@id\":\"https:\\\/\\\/betarq.com\\\/en\\\/study\\\/#primaryimage\"},\"thumbnailUrl\":\"https:\\\/\\\/betarq.com\\\/wp-content\\\/uploads\\\/2025\\\/10\\\/Foto-grup_2.jpg\",\"datePublished\":\"2023-09-22T15:23:44+00:00\",\"dateModified\":\"2026-04-08T11:19:03+00:00\",\"breadcrumb\":{\"@id\":\"https:\\\/\\\/betarq.com\\\/en\\\/study\\\/#breadcrumb\"},\"inLanguage\":\"en-US\",\"potentialAction\":[{\"@type\":\"ReadAction\",\"target\":[\"https:\\\/\\\/betarq.com\\\/en\\\/study\\\/\"]}]},{\"@type\":\"ImageObject\",\"inLanguage\":\"en-US\",\"@id\":\"https:\\\/\\\/betarq.com\\\/en\\\/study\\\/#primaryimage\",\"url\":\"https:\\\/\\\/betarq.com\\\/wp-content\\\/uploads\\\/2025\\\/10\\\/Foto-grup_2.jpg\",\"contentUrl\":\"https:\\\/\\\/betarq.com\\\/wp-content\\\/uploads\\\/2025\\\/10\\\/Foto-grup_2.jpg\",\"width\":1152,\"height\":604},{\"@type\":\"BreadcrumbList\",\"@id\":\"https:\\\/\\\/betarq.com\\\/en\\\/study\\\/#breadcrumb\",\"itemListElement\":[{\"@type\":\"ListItem\",\"position\":1,\"name\":\"Portada\",\"item\":\"https:\\\/\\\/betarq.com\\\/en\\\/\"},{\"@type\":\"ListItem\",\"position\":2,\"name\":\"Studio\"}]},{\"@type\":\"WebSite\",\"@id\":\"https:\\\/\\\/betarq.com\\\/en\\\/#website\",\"url\":\"https:\\\/\\\/betarq.com\\\/en\\\/\",\"name\":\"Betarq\",\"description\":\"\",\"publisher\":{\"@id\":\"https:\\\/\\\/betarq.com\\\/en\\\/#organization\"},\"potentialAction\":[{\"@type\":\"SearchAction\",\"target\":{\"@type\":\"EntryPoint\",\"urlTemplate\":\"https:\\\/\\\/betarq.com\\\/en\\\/?s={search_term_string}\"},\"query-input\":{\"@type\":\"PropertyValueSpecification\",\"valueRequired\":true,\"valueName\":\"search_term_string\"}}],\"inLanguage\":\"en-US\"},{\"@type\":\"Organization\",\"@id\":\"https:\\\/\\\/betarq.com\\\/en\\\/#organization\",\"name\":\"Betarq\",\"url\":\"https:\\\/\\\/betarq.com\\\/en\\\/\",\"logo\":{\"@type\":\"ImageObject\",\"inLanguage\":\"en-US\",\"@id\":\"https:\\\/\\\/betarq.com\\\/en\\\/#\\\/schema\\\/logo\\\/image\\\/\",\"url\":\"https:\\\/\\\/betarq.com\\\/wp-content\\\/uploads\\\/2023\\\/09\\\/logo-betarq.png\",\"contentUrl\":\"https:\\\/\\\/betarq.com\\\/wp-content\\\/uploads\\\/2023\\\/09\\\/logo-betarq.png\",\"width\":100,\"height\":75,\"caption\":\"Betarq\"},\"image\":{\"@id\":\"https:\\\/\\\/betarq.com\\\/en\\\/#\\\/schema\\\/logo\\\/image\\\/\"}}]}<\/script>\n<!-- \/ Yoast SEO plugin. -->","yoast_head_json":{"title":"Studio - Betarq","robots":{"index":"index","follow":"follow","max-snippet":"max-snippet:-1","max-image-preview":"max-image-preview:large","max-video-preview":"max-video-preview:-1"},"canonical":"https:\/\/betarq.com\/en\/study\/","og_locale":"en_US","og_type":"article","og_title":"Studio - Betarq","og_description":"[vc_row el_class=&#8221;headerimagen&#8221; css=&#8221;.vc_custom_1775647036938{background-image: url(https:\/\/betarq.com\/wp-content\/uploads\/2026\/04\/Image-73-nueva.png?id=5322) !important;background-position: center !important;background-repeat: no-repeat !important;background-size: cover !important;border-radius: 3px !important;}&#8221;][vc_column][\/vc_column][\/vc_row][vc_row][vc_column][vc_column_text css=&#8221;.vc_custom_1702225035441{margin-bottom: 15px !important;}&#8221;]Philosophy[\/vc_column_text][vc_row_inner][vc_column_inner width=&#8221;1\/2&#8243;][vc_column_text css=&#8221;&#8221;] Betarq Group is an architectural and technical architecture practice based in Barcelona, founded in 2005 by Julio L\u00f3pez Fern\u00e1ndez, Ramon Cisa Segal\u00e9s and Sergi Barquet Pons. The firm specializes in architectural design, construction management, execution management and&hellip;","og_url":"https:\/\/betarq.com\/en\/study\/","og_site_name":"Betarq","article_modified_time":"2026-04-08T11:19:03+00:00","og_image":[{"width":1152,"height":604,"url":"https:\/\/betarq.com\/wp-content\/uploads\/2025\/10\/Foto-grup_2.jpg","type":"image\/jpeg"}],"twitter_card":"summary_large_image","twitter_misc":{"Est. reading time":"9 minutes"},"schema":{"@context":"https:\/\/schema.org","@graph":[{"@type":"WebPage","@id":"https:\/\/betarq.com\/en\/study\/","url":"https:\/\/betarq.com\/en\/study\/","name":"Studio - Betarq","isPartOf":{"@id":"https:\/\/betarq.com\/en\/#website"},"primaryImageOfPage":{"@id":"https:\/\/betarq.com\/en\/study\/#primaryimage"},"image":{"@id":"https:\/\/betarq.com\/en\/study\/#primaryimage"},"thumbnailUrl":"https:\/\/betarq.com\/wp-content\/uploads\/2025\/10\/Foto-grup_2.jpg","datePublished":"2023-09-22T15:23:44+00:00","dateModified":"2026-04-08T11:19:03+00:00","breadcrumb":{"@id":"https:\/\/betarq.com\/en\/study\/#breadcrumb"},"inLanguage":"en-US","potentialAction":[{"@type":"ReadAction","target":["https:\/\/betarq.com\/en\/study\/"]}]},{"@type":"ImageObject","inLanguage":"en-US","@id":"https:\/\/betarq.com\/en\/study\/#primaryimage","url":"https:\/\/betarq.com\/wp-content\/uploads\/2025\/10\/Foto-grup_2.jpg","contentUrl":"https:\/\/betarq.com\/wp-content\/uploads\/2025\/10\/Foto-grup_2.jpg","width":1152,"height":604},{"@type":"BreadcrumbList","@id":"https:\/\/betarq.com\/en\/study\/#breadcrumb","itemListElement":[{"@type":"ListItem","position":1,"name":"Portada","item":"https:\/\/betarq.com\/en\/"},{"@type":"ListItem","position":2,"name":"Studio"}]},{"@type":"WebSite","@id":"https:\/\/betarq.com\/en\/#website","url":"https:\/\/betarq.com\/en\/","name":"Betarq","description":"","publisher":{"@id":"https:\/\/betarq.com\/en\/#organization"},"potentialAction":[{"@type":"SearchAction","target":{"@type":"EntryPoint","urlTemplate":"https:\/\/betarq.com\/en\/?s={search_term_string}"},"query-input":{"@type":"PropertyValueSpecification","valueRequired":true,"valueName":"search_term_string"}}],"inLanguage":"en-US"},{"@type":"Organization","@id":"https:\/\/betarq.com\/en\/#organization","name":"Betarq","url":"https:\/\/betarq.com\/en\/","logo":{"@type":"ImageObject","inLanguage":"en-US","@id":"https:\/\/betarq.com\/en\/#\/schema\/logo\/image\/","url":"https:\/\/betarq.com\/wp-content\/uploads\/2023\/09\/logo-betarq.png","contentUrl":"https:\/\/betarq.com\/wp-content\/uploads\/2023\/09\/logo-betarq.png","width":100,"height":75,"caption":"Betarq"},"image":{"@id":"https:\/\/betarq.com\/en\/#\/schema\/logo\/image\/"}}]}},"_links":{"self":[{"href":"https:\/\/betarq.com\/en\/wp-json\/wp\/v2\/pages\/978","targetHints":{"allow":["GET"]}}],"collection":[{"href":"https:\/\/betarq.com\/en\/wp-json\/wp\/v2\/pages"}],"about":[{"href":"https:\/\/betarq.com\/en\/wp-json\/wp\/v2\/types\/page"}],"author":[{"embeddable":true,"href":"https:\/\/betarq.com\/en\/wp-json\/wp\/v2\/users\/1"}],"replies":[{"embeddable":true,"href":"https:\/\/betarq.com\/en\/wp-json\/wp\/v2\/comments?post=978"}],"version-history":[{"count":41,"href":"https:\/\/betarq.com\/en\/wp-json\/wp\/v2\/pages\/978\/revisions"}],"predecessor-version":[{"id":5326,"href":"https:\/\/betarq.com\/en\/wp-json\/wp\/v2\/pages\/978\/revisions\/5326"}],"wp:featuredmedia":[{"embeddable":true,"href":"https:\/\/betarq.com\/en\/wp-json\/wp\/v2\/media\/4670"}],"wp:attachment":[{"href":"https:\/\/betarq.com\/en\/wp-json\/wp\/v2\/media?parent=978"}],"curies":[{"name":"wp","href":"https:\/\/api.w.org\/{rel}","templated":true}]}}